{"id":3872,"date":"2024-08-08T16:59:18","date_gmt":"2024-08-08T13:59:18","guid":{"rendered":"https:\/\/gekka.bio\/magazin\/faecet-wood-vinegar-250ml\/"},"modified":"2024-11-26T00:00:14","modified_gmt":"2024-11-25T22:00:14","slug":"otet-de-lemn-250ml-wood-vinegar","status":"publish","type":"product","link":"https:\/\/gekka.bio\/ro\/magazin\/otet-de-lemn-250ml-wood-vinegar\/","title":{"rendered":"250ml O\u021bet de Lemn (Wood Vinegar)"},"content":{"rendered":"<p>O\u021betul de lemn GEKKA Con\u021bine peste 200 de compu\u0219i organici. Pulverizat pe frunzi\u0219 sau tulpin\u0103, \u00eent\u0103re\u0219te rezisten\u021ba natural\u0103 a plantelor, \u00een timp ce atunci c\u00e2nd este aplicat pe sol, \u00eembun\u0103t\u0103\u021be\u0219te via\u021ba solului \u0219i accelereaz\u0103 dezvoltarea r\u0103d\u0103cinilor. O\u021betul de lemn (Wood Vinegar) este un Biostimulator de cre\u0219tere natural\u0103. O\u021betul de lemn are efecte remarcabile asupra cre\u0219terii plantelor \u0219i s\u0103n\u0103t\u0103\u021bii solului.<\/p>\n<p><strong>Avantaje:<\/strong> O\u021betul de lemn promoveaz\u0103 diviziunea celular\u0103, \u00eembun\u0103t\u0103\u021be\u0219te eficien\u021ba fotosintezei \u0219i stimuleaz\u0103 produc\u021bia de biomas\u0103 a plantelor, rezult\u00e2nd o recolt\u0103 mai bogat\u0103 \u0219i de calitate superioar\u0103;\u00a0 Cre\u0219terea r\u0103d\u0103cinilor \u0219i absorb\u021bia nutrien\u021bilor;\u00a0 \u00cembun\u0103t\u0103\u021birea structurii solului \u0219i reten\u021biei apei;\u00a0 Cre\u0219te capacitatea natural\u0103 a plantelor de a rezista bolilor \u0219i d\u0103un\u0103torilor;\u00a0 Repelent organic pentru insecte;\u00a0 Fungicid;\u00a0 Accelerarea compost\u0103rii;<\/p>\n<p><a href=\"https:\/\/gekka.bio\/wp-content\/uploads\/2024\/08\/eticheta-ro-250-1.jpg\"><img fetchpriority=\"high\" decoding=\"async\" class=\"size-full wp-image-5967 alignnone\" src=\"https:\/\/gekka.bio\/wp-content\/uploads\/2024\/08\/eticheta-ro-250-1.jpg\" alt=\"\" width=\"1425\" height=\"780\" srcset=\"https:\/\/gekka.bio\/wp-content\/uploads\/2024\/08\/eticheta-ro-250-1.jpg 1425w, https:\/\/gekka.bio\/wp-content\/uploads\/2024\/08\/eticheta-ro-250-1-300x164.jpg 300w, https:\/\/gekka.bio\/wp-content\/uploads\/2024\/08\/eticheta-ro-250-1-1024x561.jpg 1024w, https:\/\/gekka.bio\/wp-content\/uploads\/2024\/08\/eticheta-ro-250-1-768x420.jpg 768w, https:\/\/gekka.bio\/wp-content\/uploads\/2024\/08\/eticheta-ro-250-1-1200x657.jpg 1200w, https:\/\/gekka.bio\/wp-content\/uploads\/2024\/08\/eticheta-ro-250-1-150x82.jpg 150w\" sizes=\"(max-width: 1425px) 100vw, 1425px\" \/><\/a><\/p>\n<p><small><em>Click Zoom<\/em><\/small><\/p>\n","protected":false},"excerpt":{"rendered":"<p>Biostimulator de cre\u0219tere natural\u0103, Repelent pentru \u00eendep\u0103rtarea insectelor \u0219i Fungicid\u00a0 <em>(3\u00een1)\u00a0<\/em> pentru: Legume, Fructe, Pomi, Tuia, Vi\u021ba de vie, Gazon, \u0219i Flori. Con\u021bine peste 200 tipuri de compu\u0219i organici \u0219i \u00eent\u0103re\u0219te imunitatea plantelor. <strong>Produs concentrat!<\/strong><\/p>\n<p>Se utilizeaz\u0103 diluat \u00een ap\u0103 o dat\u0103 la 7-14 zile \u00een urm\u0103toarele concentra\u021bii:<\/p>\n<ul>\n<li style=\"margin-bottom: 0px;\">5ml \/ 1L de ap\u0103 aditiv hran\u0103 animale<\/li>\n<li style=\"margin-bottom: 0px;\">10ml \/ 1L de ap\u0103 ca bio-stimulator<\/li>\n<li style=\"margin-bottom: 0px;\">20ml \/ 1L de ap\u0103 ca \u0219i fungicid\/pesticid<\/li>\n<li style=\"margin-bottom: 0px;\">30ml \/ 1L de ap\u0103 ca \u0219i repelent insecte<\/li>\n<li style=\"margin-bottom: 0px;\">50ml \/ 1L de ap\u0103 ca \u0219i dezinfectant sol (5m\u00b2)<\/li>\n<li style=\"margin-bottom: 0px;\">100ml \/ 1L de ap\u0103 pentru dezinfectarea ad\u0103posturilor de g\u0103ini\/iepuri<\/li>\n<\/ul>\n","protected":false},"featured_media":6768,"comment_status":"open","ping_status":"closed","template":"","meta":[],"product_brand":[],"product_cat":[275,274],"product_tag":[276,277,278,279,280,281,282,283,284,285,286,287,288,289,290,291,292],"class_list":{"0":"post-3872","1":"product","2":"type-product","3":"status-publish","4":"has-post-thumbnail","6":"product_cat-250ml-ro","7":"product_cat-otet-de-lemn-wood-vinegar-ro","8":"product_tag-agyi-poloska-ro","9":"product_tag-bio-permet-ro","10":"product_tag-biologiai-rovarriaszto-ro","11":"product_tag-biostimulator-ro","12":"product_tag-biostimulatorok-ro","13":"product_tag-bolha-ro","14":"product_tag-csotany-ro","15":"product_tag-faecet-ro","16":"product_tag-hangya-ro","17":"product_tag-novenykultura-ro","18":"product_tag-novenyvedo-szerek-ro","19":"product_tag-poloska-ro","20":"product_tag-rovarkartevok-ro","21":"product_tag-talajminoseg-ro","22":"product_tag-termeshozam-ro","23":"product_tag-termesnovelok-ro","24":"product_tag-wood-vinegar-ro","25":"product_shipping_class-medium-ro","27":"first","28":"instock","29":"taxable","30":"shipping-taxable","31":"purchasable","32":"product-type-simple"},"yoast_head":"<!-- This site is optimized with the Yoast SEO plugin v27.5 - https:\/\/yoast.com\/product\/yoast-seo-wordpress\/ -->\n<title>Biostimulator GEKKA 250ml \u00cengr\u0103\u0219\u0103m\u00e2nt Foliar \u0219i Fungicid 2in1<\/title>\n<meta name=\"description\" content=\"O\u021bet de Lemn - Biostimulant natural. Solu\u021bie de fertilizare foliar\u0103 certificat\u0103 bio ECO-CERT. Livrare gratuit\u0103 peste 220lei \u00een \u021bar\u0103. Comand\u0103 online acum.\" \/>\n<meta name=\"robots\" content=\"index, follow, max-snippet:-1, max-image-preview:large, max-video-preview:-1\" \/>\n<link rel=\"canonical\" href=\"https:\/\/gekka.bio\/ro\/magazin\/otet-de-lemn-250ml-wood-vinegar\/\" \/>\n<meta property=\"og:locale\" content=\"ro_RO\" \/>\n<meta property=\"og:type\" content=\"article\" \/>\n<meta property=\"og:title\" content=\"Biostimulator GEKKA 250ml \u00cengr\u0103\u0219\u0103m\u00e2nt Foliar \u0219i Fungicid 2in1\" \/>\n<meta property=\"og:description\" content=\"O\u021bet de Lemn - Biostimulant natural. Solu\u021bie de fertilizare foliar\u0103 certificat\u0103 bio ECO-CERT. Livrare gratuit\u0103 peste 220lei \u00een \u021bar\u0103. Comand\u0103 online acum.\" \/>\n<meta property=\"og:url\" content=\"https:\/\/gekka.bio\/ro\/magazin\/otet-de-lemn-250ml-wood-vinegar\/\" \/>\n<meta property=\"og:site_name\" content=\"Bio GEKKA\" \/>\n<meta property=\"article:publisher\" content=\"https:\/\/www.facebook.com\/ExplocomGK\" \/>\n<meta property=\"article:modified_time\" content=\"2024-11-25T22:00:14+00:00\" \/>\n<meta property=\"og:image\" content=\"https:\/\/gekka.bio\/wp-content\/uploads\/2024\/08\/otet-de-lemn-250ml-design-1.jpg\" \/>\n\t<meta property=\"og:image:width\" content=\"900\" \/>\n\t<meta property=\"og:image:height\" content=\"883\" \/>\n\t<meta property=\"og:image:type\" content=\"image\/jpeg\" \/>\n<meta name=\"twitter:card\" content=\"summary_large_image\" \/>\n<meta name=\"twitter:label1\" content=\"Timp estimat pentru citire\" \/>\n\t<meta name=\"twitter:data1\" content=\"2 minute\" \/>\n<script type=\"application\/ld+json\" class=\"yoast-schema-graph\">{\"@context\":\"https:\\\/\\\/schema.org\",\"@graph\":[{\"@type\":\"WebPage\",\"@id\":\"https:\\\/\\\/gekka.bio\\\/ro\\\/magazin\\\/otet-de-lemn-250ml-wood-vinegar\\\/\",\"url\":\"https:\\\/\\\/gekka.bio\\\/ro\\\/magazin\\\/otet-de-lemn-250ml-wood-vinegar\\\/\",\"name\":\"Biostimulator GEKKA 250ml \u00cengr\u0103\u0219\u0103m\u00e2nt Foliar \u0219i Fungicid 2in1\",\"isPartOf\":{\"@id\":\"https:\\\/\\\/gekka.bio\\\/ro\\\/nyitolap\\\/#website\"},\"primaryImageOfPage\":{\"@id\":\"https:\\\/\\\/gekka.bio\\\/ro\\\/magazin\\\/otet-de-lemn-250ml-wood-vinegar\\\/#primaryimage\"},\"image\":{\"@id\":\"https:\\\/\\\/gekka.bio\\\/ro\\\/magazin\\\/otet-de-lemn-250ml-wood-vinegar\\\/#primaryimage\"},\"thumbnailUrl\":\"https:\\\/\\\/gekka.bio\\\/wp-content\\\/uploads\\\/2024\\\/08\\\/otet-de-lemn-250ml-design-1.jpg\",\"datePublished\":\"2024-08-08T13:59:18+00:00\",\"dateModified\":\"2024-11-25T22:00:14+00:00\",\"description\":\"O\u021bet de Lemn - Biostimulant natural. Solu\u021bie de fertilizare foliar\u0103 certificat\u0103 bio ECO-CERT. Livrare gratuit\u0103 peste 220lei \u00een \u021bar\u0103. Comand\u0103 online acum.\",\"breadcrumb\":{\"@id\":\"https:\\\/\\\/gekka.bio\\\/ro\\\/magazin\\\/otet-de-lemn-250ml-wood-vinegar\\\/#breadcrumb\"},\"inLanguage\":\"ro-RO\",\"potentialAction\":[{\"@type\":\"ReadAction\",\"target\":[\"https:\\\/\\\/gekka.bio\\\/ro\\\/magazin\\\/otet-de-lemn-250ml-wood-vinegar\\\/\"]}]},{\"@type\":\"ImageObject\",\"inLanguage\":\"ro-RO\",\"@id\":\"https:\\\/\\\/gekka.bio\\\/ro\\\/magazin\\\/otet-de-lemn-250ml-wood-vinegar\\\/#primaryimage\",\"url\":\"https:\\\/\\\/gekka.bio\\\/wp-content\\\/uploads\\\/2024\\\/08\\\/otet-de-lemn-250ml-design-1.jpg\",\"contentUrl\":\"https:\\\/\\\/gekka.bio\\\/wp-content\\\/uploads\\\/2024\\\/08\\\/otet-de-lemn-250ml-design-1.jpg\",\"width\":900,\"height\":883},{\"@type\":\"BreadcrumbList\",\"@id\":\"https:\\\/\\\/gekka.bio\\\/ro\\\/magazin\\\/otet-de-lemn-250ml-wood-vinegar\\\/#breadcrumb\",\"itemListElement\":[{\"@type\":\"ListItem\",\"position\":1,\"name\":\"Home\",\"item\":\"https:\\\/\\\/gekka.bio\\\/ro\\\/\"},{\"@type\":\"ListItem\",\"position\":2,\"name\":\"Cump\u0103r\u0103 Online\",\"item\":\"https:\\\/\\\/gekka.bio\\\/ro\\\/shop-ro\\\/\"},{\"@type\":\"ListItem\",\"position\":3,\"name\":\"250ml O\u021bet de Lemn (Wood Vinegar)\"}]},{\"@type\":\"WebSite\",\"@id\":\"https:\\\/\\\/gekka.bio\\\/ro\\\/nyitolap\\\/#website\",\"url\":\"https:\\\/\\\/gekka.bio\\\/ro\\\/nyitolap\\\/\",\"name\":\"Bio GEKKA\",\"description\":\"\",\"publisher\":{\"@id\":\"https:\\\/\\\/gekka.bio\\\/ro\\\/nyitolap\\\/#organization\"},\"potentialAction\":[{\"@type\":\"SearchAction\",\"target\":{\"@type\":\"EntryPoint\",\"urlTemplate\":\"https:\\\/\\\/gekka.bio\\\/ro\\\/nyitolap\\\/?s={search_term_string}\"},\"query-input\":{\"@type\":\"PropertyValueSpecification\",\"valueRequired\":true,\"valueName\":\"search_term_string\"}}],\"inLanguage\":\"ro-RO\"},{\"@type\":\"Organization\",\"@id\":\"https:\\\/\\\/gekka.bio\\\/ro\\\/nyitolap\\\/#organization\",\"name\":\"Bio GEKKA\",\"url\":\"https:\\\/\\\/gekka.bio\\\/ro\\\/nyitolap\\\/\",\"logo\":{\"@type\":\"ImageObject\",\"inLanguage\":\"ro-RO\",\"@id\":\"https:\\\/\\\/gekka.bio\\\/ro\\\/nyitolap\\\/#\\\/schema\\\/logo\\\/image\\\/\",\"url\":\"https:\\\/\\\/gekka.bio\\\/wp-content\\\/uploads\\\/2024\\\/08\\\/bio-gekka-logo.png\",\"contentUrl\":\"https:\\\/\\\/gekka.bio\\\/wp-content\\\/uploads\\\/2024\\\/08\\\/bio-gekka-logo.png\",\"width\":380,\"height\":213,\"caption\":\"Bio GEKKA\"},\"image\":{\"@id\":\"https:\\\/\\\/gekka.bio\\\/ro\\\/nyitolap\\\/#\\\/schema\\\/logo\\\/image\\\/\"},\"sameAs\":[\"https:\\\/\\\/www.facebook.com\\\/ExplocomGK\"]}]}<\/script>\n<!-- \/ Yoast SEO plugin. -->","yoast_head_json":{"title":"Biostimulator GEKKA 250ml \u00cengr\u0103\u0219\u0103m\u00e2nt Foliar \u0219i Fungicid 2in1","description":"O\u021bet de Lemn - Biostimulant natural. Solu\u021bie de fertilizare foliar\u0103 certificat\u0103 bio ECO-CERT. Livrare gratuit\u0103 peste 220lei \u00een \u021bar\u0103. Comand\u0103 online acum.","robots":{"index":"index","follow":"follow","max-snippet":"max-snippet:-1","max-image-preview":"max-image-preview:large","max-video-preview":"max-video-preview:-1"},"canonical":"https:\/\/gekka.bio\/ro\/magazin\/otet-de-lemn-250ml-wood-vinegar\/","og_locale":"ro_RO","og_type":"article","og_title":"Biostimulator GEKKA 250ml \u00cengr\u0103\u0219\u0103m\u00e2nt Foliar \u0219i Fungicid 2in1","og_description":"O\u021bet de Lemn - Biostimulant natural. Solu\u021bie de fertilizare foliar\u0103 certificat\u0103 bio ECO-CERT. Livrare gratuit\u0103 peste 220lei \u00een \u021bar\u0103. Comand\u0103 online acum.","og_url":"https:\/\/gekka.bio\/ro\/magazin\/otet-de-lemn-250ml-wood-vinegar\/","og_site_name":"Bio GEKKA","article_publisher":"https:\/\/www.facebook.com\/ExplocomGK","article_modified_time":"2024-11-25T22:00:14+00:00","og_image":[{"width":900,"height":883,"url":"https:\/\/gekka.bio\/wp-content\/uploads\/2024\/08\/otet-de-lemn-250ml-design-1.jpg","type":"image\/jpeg"}],"twitter_card":"summary_large_image","twitter_misc":{"Timp estimat pentru citire":"2 minute"},"schema":{"@context":"https:\/\/schema.org","@graph":[{"@type":"WebPage","@id":"https:\/\/gekka.bio\/ro\/magazin\/otet-de-lemn-250ml-wood-vinegar\/","url":"https:\/\/gekka.bio\/ro\/magazin\/otet-de-lemn-250ml-wood-vinegar\/","name":"Biostimulator GEKKA 250ml \u00cengr\u0103\u0219\u0103m\u00e2nt Foliar \u0219i Fungicid 2in1","isPartOf":{"@id":"https:\/\/gekka.bio\/ro\/nyitolap\/#website"},"primaryImageOfPage":{"@id":"https:\/\/gekka.bio\/ro\/magazin\/otet-de-lemn-250ml-wood-vinegar\/#primaryimage"},"image":{"@id":"https:\/\/gekka.bio\/ro\/magazin\/otet-de-lemn-250ml-wood-vinegar\/#primaryimage"},"thumbnailUrl":"https:\/\/gekka.bio\/wp-content\/uploads\/2024\/08\/otet-de-lemn-250ml-design-1.jpg","datePublished":"2024-08-08T13:59:18+00:00","dateModified":"2024-11-25T22:00:14+00:00","description":"O\u021bet de Lemn - Biostimulant natural. Solu\u021bie de fertilizare foliar\u0103 certificat\u0103 bio ECO-CERT. Livrare gratuit\u0103 peste 220lei \u00een \u021bar\u0103. Comand\u0103 online acum.","breadcrumb":{"@id":"https:\/\/gekka.bio\/ro\/magazin\/otet-de-lemn-250ml-wood-vinegar\/#breadcrumb"},"inLanguage":"ro-RO","potentialAction":[{"@type":"ReadAction","target":["https:\/\/gekka.bio\/ro\/magazin\/otet-de-lemn-250ml-wood-vinegar\/"]}]},{"@type":"ImageObject","inLanguage":"ro-RO","@id":"https:\/\/gekka.bio\/ro\/magazin\/otet-de-lemn-250ml-wood-vinegar\/#primaryimage","url":"https:\/\/gekka.bio\/wp-content\/uploads\/2024\/08\/otet-de-lemn-250ml-design-1.jpg","contentUrl":"https:\/\/gekka.bio\/wp-content\/uploads\/2024\/08\/otet-de-lemn-250ml-design-1.jpg","width":900,"height":883},{"@type":"BreadcrumbList","@id":"https:\/\/gekka.bio\/ro\/magazin\/otet-de-lemn-250ml-wood-vinegar\/#breadcrumb","itemListElement":[{"@type":"ListItem","position":1,"name":"Home","item":"https:\/\/gekka.bio\/ro\/"},{"@type":"ListItem","position":2,"name":"Cump\u0103r\u0103 Online","item":"https:\/\/gekka.bio\/ro\/shop-ro\/"},{"@type":"ListItem","position":3,"name":"250ml O\u021bet de Lemn (Wood Vinegar)"}]},{"@type":"WebSite","@id":"https:\/\/gekka.bio\/ro\/nyitolap\/#website","url":"https:\/\/gekka.bio\/ro\/nyitolap\/","name":"Bio GEKKA","description":"","publisher":{"@id":"https:\/\/gekka.bio\/ro\/nyitolap\/#organization"},"potentialAction":[{"@type":"SearchAction","target":{"@type":"EntryPoint","urlTemplate":"https:\/\/gekka.bio\/ro\/nyitolap\/?s={search_term_string}"},"query-input":{"@type":"PropertyValueSpecification","valueRequired":true,"valueName":"search_term_string"}}],"inLanguage":"ro-RO"},{"@type":"Organization","@id":"https:\/\/gekka.bio\/ro\/nyitolap\/#organization","name":"Bio GEKKA","url":"https:\/\/gekka.bio\/ro\/nyitolap\/","logo":{"@type":"ImageObject","inLanguage":"ro-RO","@id":"https:\/\/gekka.bio\/ro\/nyitolap\/#\/schema\/logo\/image\/","url":"https:\/\/gekka.bio\/wp-content\/uploads\/2024\/08\/bio-gekka-logo.png","contentUrl":"https:\/\/gekka.bio\/wp-content\/uploads\/2024\/08\/bio-gekka-logo.png","width":380,"height":213,"caption":"Bio GEKKA"},"image":{"@id":"https:\/\/gekka.bio\/ro\/nyitolap\/#\/schema\/logo\/image\/"},"sameAs":["https:\/\/www.facebook.com\/ExplocomGK"]}]}},"_links":{"self":[{"href":"https:\/\/gekka.bio\/ro\/wp-json\/wp\/v2\/product\/3872","targetHints":{"allow":["GET"]}}],"collection":[{"href":"https:\/\/gekka.bio\/ro\/wp-json\/wp\/v2\/product"}],"about":[{"href":"https:\/\/gekka.bio\/ro\/wp-json\/wp\/v2\/types\/product"}],"replies":[{"embeddable":true,"href":"https:\/\/gekka.bio\/ro\/wp-json\/wp\/v2\/comments?post=3872"}],"version-history":[{"count":33,"href":"https:\/\/gekka.bio\/ro\/wp-json\/wp\/v2\/product\/3872\/revisions"}],"predecessor-version":[{"id":7411,"href":"https:\/\/gekka.bio\/ro\/wp-json\/wp\/v2\/product\/3872\/revisions\/7411"}],"wp:featuredmedia":[{"embeddable":true,"href":"https:\/\/gekka.bio\/ro\/wp-json\/wp\/v2\/media\/6768"}],"wp:attachment":[{"href":"https:\/\/gekka.bio\/ro\/wp-json\/wp\/v2\/media?parent=3872"}],"wp:term":[{"taxonomy":"product_brand","embeddable":true,"href":"https:\/\/gekka.bio\/ro\/wp-json\/wp\/v2\/product_brand?post=3872"},{"taxonomy":"product_cat","embeddable":true,"href":"https:\/\/gekka.bio\/ro\/wp-json\/wp\/v2\/product_cat?post=3872"},{"taxonomy":"product_tag","embeddable":true,"href":"https:\/\/gekka.bio\/ro\/wp-json\/wp\/v2\/product_tag?post=3872"}],"curies":[{"name":"wp","href":"https:\/\/api.w.org\/{rel}","templated":true}]}}